{"id":294,"date":"2025-11-24T10:13:02","date_gmt":"2025-11-24T09:13:02","guid":{"rendered":"https:\/\/osierdesvosgesdunord.com\/?page_id=294"},"modified":"2025-11-24T12:33:53","modified_gmt":"2025-11-24T11:33:53","slug":"vente-dosier","status":"publish","type":"page","link":"https:\/\/osierdesvosgesdunord.com\/index.php\/vente-dosier\/","title":{"rendered":"Vente d&#8217;osier"},"content":{"rendered":"\n<p><\/p>\n\n\n\n<p>Je vous propose \u00e0 l&#8217;achat de l&#8217;osier frais et sec de ma production d&#8217;osier. Toute la production est certifi\u00e9 bio.<\/p>\n\n\n\n<p>Vente de boutures, d&#8217;osier frais et d&#8217;osier sec sur 19 vari\u00e9t\u00e9s. <\/p>\n\n\n\n<p>Me contacter pour achat et r\u00e9servation<\/p>\n\n\n\n<p>Possibilit\u00e9 de livraison jusqu&#8217;\u00e0 30kg par colissimo ou par transporteur<\/p>\n\n\n\n<p>Les vari\u00e9t\u00e9s sont:<\/p>\n\n\n\n<p>Salix Alaba: Royal limousin<\/p>\n\n\n\n<p>Salix Fragilis: Rouge belge<\/p>\n\n\n\n<p>Salix Viminalis: Romarin, Gigantea, Gravanche, P\u00eacher vert<\/p>\n\n\n\n<p>Salix Rubra: Americana<\/p>\n\n\n\n<p>Salix Purpurea: Daphnoides, Helix, Dardicks, Richarti, <\/p>\n\n\n\n<p>Salix Triandra: Grisette Emilien, Grisette Preuilly<\/p>\n\n\n\n<p>Salix Acutifolia: Danish Purple<\/p>\n\n\n\n<p>Hybride: Bourdiala, Loussouarna<\/p>\n\n\n\n<p>Anglais: Greendick, Sweet willow<\/p>\n\n\n\n<p>Korianagi<\/p>\n\n\n\n<p><\/p>\n\n\n\n<p><\/p>\n","protected":false},"excerpt":{"rendered":"<p>Je vous propose \u00e0 l&#8217;achat de l&#8217;osier frais et sec de ma production d&#8217;osier. Toute la production est certifi\u00e9 bio. Vente de boutures, d&#8217;osier frais et d&#8217;osier sec sur 19 vari\u00e9t\u00e9s. Me contacter pour achat et r\u00e9servation Possibilit\u00e9 de livraison jusqu&#8217;\u00e0 30kg par colissimo ou par transporteur Les vari\u00e9t\u00e9s sont: Salix Alaba: Royal limousin Salix &hellip; <\/p>\n<p class=\"link-more\"><a href=\"https:\/\/osierdesvosgesdunord.com\/index.php\/vente-dosier\/\" class=\"more-link\">Continue reading<span class=\"screen-reader-text\"> &#8220;Vente d&#8217;osier&#8221;<\/span><\/a><\/p>\n","protected":false},"author":1,"featured_media":0,"parent":0,"menu_order":0,"comment_status":"closed","ping_status":"closed","template":"","meta":{"footnotes":""},"class_list":["post-294","page","type-page","status-publish","hentry"],"_links":{"self":[{"href":"https:\/\/osierdesvosgesdunord.com\/index.php\/wp-json\/wp\/v2\/pages\/294","targetHints":{"allow":["GET"]}}],"collection":[{"href":"https:\/\/osierdesvosgesdunord.com\/index.php\/wp-json\/wp\/v2\/pages"}],"about":[{"href":"https:\/\/osierdesvosgesdunord.com\/index.php\/wp-json\/wp\/v2\/types\/page"}],"author":[{"embeddable":true,"href":"https:\/\/osierdesvosgesdunord.com\/index.php\/wp-json\/wp\/v2\/users\/1"}],"replies":[{"embeddable":true,"href":"https:\/\/osierdesvosgesdunord.com\/index.php\/wp-json\/wp\/v2\/comments?post=294"}],"version-history":[{"count":5,"href":"https:\/\/osierdesvosgesdunord.com\/index.php\/wp-json\/wp\/v2\/pages\/294\/revisions"}],"predecessor-version":[{"id":300,"href":"https:\/\/osierdesvosgesdunord.com\/index.php\/wp-json\/wp\/v2\/pages\/294\/revisions\/300"}],"wp:attachment":[{"href":"https:\/\/osierdesvosgesdunord.com\/index.php\/wp-json\/wp\/v2\/media?parent=294"}],"curies":[{"name":"wp","href":"https:\/\/api.w.org\/{rel}","templated":true}]}}