{"id":307,"date":"2026-02-25T23:46:35","date_gmt":"2026-02-25T22:46:35","guid":{"rendered":"https:\/\/osierdesvosgesdunord.com\/?page_id=307"},"modified":"2026-02-25T23:47:31","modified_gmt":"2026-02-25T22:47:31","slug":"rencontres-autour-du-saule-bouxurulles","status":"publish","type":"page","link":"https:\/\/osierdesvosgesdunord.com\/index.php\/rencontres-autour-du-saule-bouxurulles\/","title":{"rendered":"RENCONTRES AUTOUR DU SAULE BOUXURULLES 2026"},"content":{"rendered":"\n<p>J&#8217;aurais la joie de participer aux rencontres autour du saule \u00e0 Bouxurulles pour l&#8217;\u00e9dition 2026. Si vous ne connaissez pas encore cet \u00e9v\u00e9nement allez vite sur leur site ici <a href=\"https:\/\/saulaboux.fr\/\">https:\/\/saulaboux.fr\/<\/a><\/p>\n\n\n\n<p><\/p>\n\n\n\n<p><\/p>\n","protected":false},"excerpt":{"rendered":"<p>J&#8217;aurais la joie de participer aux rencontres autour du saule \u00e0 Bouxurulles pour l&#8217;\u00e9dition 2026. Si vous ne connaissez pas encore cet \u00e9v\u00e9nement allez vite sur leur site ici https:\/\/saulaboux.fr\/<\/p>\n","protected":false},"author":1,"featured_media":0,"parent":0,"menu_order":0,"comment_status":"closed","ping_status":"closed","template":"","meta":{"footnotes":""},"class_list":["post-307","page","type-page","status-publish","hentry"],"_links":{"self":[{"href":"https:\/\/osierdesvosgesdunord.com\/index.php\/wp-json\/wp\/v2\/pages\/307","targetHints":{"allow":["GET"]}}],"collection":[{"href":"https:\/\/osierdesvosgesdunord.com\/index.php\/wp-json\/wp\/v2\/pages"}],"about":[{"href":"https:\/\/osierdesvosgesdunord.com\/index.php\/wp-json\/wp\/v2\/types\/page"}],"author":[{"embeddable":true,"href":"https:\/\/osierdesvosgesdunord.com\/index.php\/wp-json\/wp\/v2\/users\/1"}],"replies":[{"embeddable":true,"href":"https:\/\/osierdesvosgesdunord.com\/index.php\/wp-json\/wp\/v2\/comments?post=307"}],"version-history":[{"count":2,"href":"https:\/\/osierdesvosgesdunord.com\/index.php\/wp-json\/wp\/v2\/pages\/307\/revisions"}],"predecessor-version":[{"id":310,"href":"https:\/\/osierdesvosgesdunord.com\/index.php\/wp-json\/wp\/v2\/pages\/307\/revisions\/310"}],"wp:attachment":[{"href":"https:\/\/osierdesvosgesdunord.com\/index.php\/wp-json\/wp\/v2\/media?parent=307"}],"curies":[{"name":"wp","href":"https:\/\/api.w.org\/{rel}","templated":true}]}}